{"id":8091,"date":"2023-05-20T13:50:44","date_gmt":"2023-05-20T11:50:44","guid":{"rendered":"https:\/\/solarlehre.ch\/gjurme\/"},"modified":"2024-02-08T11:06:21","modified_gmt":"2024-02-08T10:06:21","slug":"gjurme","status":"publish","type":"page","link":"https:\/\/solarlehre.ch\/sq\/gjurme\/","title":{"rendered":"gjurm\u00eb"},"content":{"rendered":"\t\t<div data-elementor-type=\"wp-page\" data-elementor-id=\"8091\" class=\"elementor elementor-8091 elementor-3130\" data-elementor-settings=\"{&quot;ha_cmc_init_switcher&quot;:&quot;no&quot;}\" data-elementor-post-type=\"page\">\n\t\t\t\t\t\t<section class=\"elementor-section elementor-top-section elementor-element elementor-element-c5b364f elementor-section-boxed elementor-section-height-default elementor-section-height-default\" data-id=\"c5b364f\" data-element_type=\"section\" data-e-type=\"section\" data-settings=\"{&quot;_ha_eqh_enable&quot;:false}\">\n\t\t\t\t\t\t<div class=\"elementor-container elementor-column-gap-default\">\n\t\t\t\t\t<div class=\"elementor-column elementor-col-100 elementor-top-column elementor-element elementor-element-2a80040\" data-id=\"2a80040\" data-element_type=\"column\" data-e-type=\"column\">\n\t\t\t<div class=\"elementor-widget-wrap elementor-element-populated\">\n\t\t\t\t\t\t<div class=\"elementor-element elementor-element-a77dcc9 elementor-widget elementor-widget-heading\" data-id=\"a77dcc9\" data-element_type=\"widget\" data-e-type=\"widget\" data-widget_type=\"heading.default\">\n\t\t\t\t<div class=\"elementor-widget-container\">\n\t\t\t\t\t<h1 class=\"elementor-heading-title elementor-size-default\">gjurm\u00eb<\/h1>\t\t\t\t<\/div>\n\t\t\t\t<\/div>\n\t\t\t\t<div class=\"elementor-element elementor-element-497df38 elementor-widget elementor-widget-text-editor\" data-id=\"497df38\" data-element_type=\"widget\" data-e-type=\"widget\" data-widget_type=\"text-editor.default\">\n\t\t\t\t<div class=\"elementor-widget-container\">\n\t\t\t\t\t\t\t\t\t<p><strong>Adresa e kontaktit<\/strong><\/p>\n<p>zvicerane<br \/>Neugasse 6<br \/>CH-8005 Cyrih<\/p>\n<p>tel. +41 44 250 88 33<br \/><a href=\"mailto:info@swissolar.ch\">info@swissolar.ch<\/a><br \/><a href=\"https:\/\/www.swissolar.ch\">www.swissolar.ch<\/a><\/p>\n<p><strong>Regjistrimi n\u00eb regjistrin tregtar<\/strong><\/p>\n<p>Emri i kompanis\u00eb s\u00eb regjistruar: Swissolar \u2013 Shoqata Zvicerane p\u00ebr Energjin\u00eb Diellore<br \/>Numri: CHE-113.452.116<\/p>\n<p><strong>Mohim p\u00ebrgjegj\u00ebsie<\/strong><\/p>\n<p>Swissolar nuk merr p\u00ebrsip\u00ebr asnj\u00eb p\u00ebrgjegj\u00ebsi n\u00eb lidhje me korrekt\u00ebsin\u00eb, sakt\u00ebsin\u00eb, afatin kohor, besueshm\u00ebrin\u00eb dhe plot\u00ebsin\u00eb e informacionit. P\u00ebrjashtohen pretendimet e p\u00ebrgjegj\u00ebsis\u00eb kund\u00ebr autorit p\u00ebr d\u00ebme materiale ose jomateriale q\u00eb rrjedhin nga aksesi ose p\u00ebrdorimi ose mosp\u00ebrdorimi i informacionit t\u00eb publikuar, keqp\u00ebrdorimi i lidhjes ose keqfunksionimet teknike. T\u00eb gjitha ofertat jan\u00eb jo t\u00eb detyrueshme. Autori rezervon shprehimisht t\u00eb drejt\u00ebn t\u00eb ndryshoj\u00eb, plot\u00ebsoj\u00eb ose fshij\u00eb pjes\u00eb t\u00eb faqeve ose t\u00eb gjith\u00eb ofert\u00ebn pa njoftim t\u00eb ve\u00e7ant\u00eb ose t\u00eb ndaloj\u00eb p\u00ebrkoh\u00ebsisht ose p\u00ebrgjithmon\u00eb botimin.<\/p>\n<p><strong>P\u00ebrgjegj\u00ebsia p\u00ebr lidhjet<\/strong><\/p>\n<p>Referencat dhe lidhjet me faqet e internetit t\u00eb pal\u00ebve t\u00eb treta jan\u00eb jasht\u00eb fush\u00ebs son\u00eb t\u00eb p\u00ebrgjegj\u00ebsis\u00eb. \u00c7do p\u00ebrgjegj\u00ebsi p\u00ebr faqet e tilla t\u00eb internetit \u00ebsht\u00eb mohuar. Qasja dhe p\u00ebrdorimi i faqeve t\u00eb tilla t\u00eb internetit \u00ebsht\u00eb n\u00eb rrezik t\u00eb vet\u00eb p\u00ebrdoruesit.<\/p>\n<p><strong>T\u00eb drejtat e autorit<\/strong><\/p>\n<p>E drejta e autorit dhe t\u00eb gjitha t\u00eb drejtat e tjera p\u00ebr p\u00ebrmbajtjen, imazhet, fotot ose skedar\u00ebt e tjer\u00eb n\u00eb faqen e internetit i p\u00ebrkasin ekskluzivisht shoqat\u00ebs Swissolar ose mbajt\u00ebsve t\u00eb t\u00eb drejtave t\u00eb p\u00ebrmendura n\u00eb m\u00ebnyr\u00eb specifike. P\u00eblqimi me shkrim i mbajt\u00ebsit t\u00eb s\u00eb drejt\u00ebs s\u00eb autorit duhet t\u00eb merret paraprakisht p\u00ebr riprodhimin e \u00e7do elementi.<\/p>\n<p><strong>Teksti, imazhet dhe e drejta e autorit<\/strong><\/p>\n<p>Swissolar \u2013 Shoqata tregtare zvicerane p\u00ebr energjin\u00eb diellore<br \/>Neugasse 6<br \/>CH-8005 Cyrih<\/p>\n<p><strong>Konceptimi, projektimi dhe zbatimi teknik i faqes s\u00eb internetit<\/strong><\/p>\n<p>Therefore GmbH<br \/>Tramstrasse 4<br \/>8050 Cyrih<\/p>\n<p>tel. +41 44 298 88 00<br \/><a href=\"mailto:info@therefore.ch\">info@therefore.ch<\/a><br \/><a href=\"https:\/\/www.therefore.ch\" target=\"_blank\" rel=\"noopener\">www.therefore.ch<\/a><\/p>\n\t\t\t\t\t\t\t\t<\/div>\n\t\t\t\t<\/div>\n\t\t\t\t\t<\/div>\n\t\t<\/div>\n\t\t\t\t\t<\/div>\n\t\t<\/section>\n\t\t\t\t<\/div>\n\t\t","protected":false},"excerpt":{"rendered":"<p>gjurm\u00eb Adresa e kontaktit zviceraneNeugasse 6CH-8005 Cyrih tel. +41 44 250 88 33info@swissolar.chwww.swissolar.ch Regjistrimi n\u00eb regjistrin tregtar Emri i kompanis\u00eb s\u00eb regjistruar: Swissolar \u2013 Shoqata Zvicerane p\u00ebr Energjin\u00eb DielloreNumri: CHE-113.452.116 Mohim p\u00ebrgjegj\u00ebsie Swissolar nuk merr p\u00ebrsip\u00ebr asnj\u00eb p\u00ebrgjegj\u00ebsi n\u00eb lidhje me korrekt\u00ebsin\u00eb, sakt\u00ebsin\u00eb, afatin kohor, besueshm\u00ebrin\u00eb dhe plot\u00ebsin\u00eb e informacionit. P\u00ebrjashtohen pretendimet e p\u00ebrgjegj\u00ebsis\u00eb kund\u00ebr [&hellip;]<\/p>\n","protected":false},"author":2,"featured_media":0,"parent":0,"menu_order":900,"comment_status":"closed","ping_status":"closed","template":"","meta":{"_acf_changed":false,"footnotes":""},"class_list":["post-8091","page","type-page","status-publish","hentry"],"acf":[],"yoast_head":"<!-- This site is optimized with the Yoast SEO plugin v27.0 - https:\/\/yoast.com\/product\/yoast-seo-wordpress\/ -->\n<title>gjurm\u00eb - Solarlehre - Lerne Solarinstallateur:in<\/title>\n<meta name=\"robots\" content=\"index, follow, max-snippet:-1, max-image-preview:large, max-video-preview:-1\" \/>\n<link rel=\"canonical\" href=\"https:\/\/solarlehre.ch\/sq\/gjurme\/\" \/>\n<meta property=\"og:locale\" content=\"sq_AL\" \/>\n<meta property=\"og:type\" content=\"article\" \/>\n<meta property=\"og:title\" content=\"gjurm\u00eb - Solarlehre - Lerne Solarinstallateur:in\" \/>\n<meta property=\"og:description\" content=\"gjurm\u00eb Adresa e kontaktit zviceraneNeugasse 6CH-8005 Cyrih tel. +41 44 250 88 33info@swissolar.chwww.swissolar.ch Regjistrimi n\u00eb regjistrin tregtar Emri i kompanis\u00eb s\u00eb regjistruar: Swissolar \u2013 Shoqata Zvicerane p\u00ebr Energjin\u00eb DielloreNumri: CHE-113.452.116 Mohim p\u00ebrgjegj\u00ebsie Swissolar nuk merr p\u00ebrsip\u00ebr asnj\u00eb p\u00ebrgjegj\u00ebsi n\u00eb lidhje me korrekt\u00ebsin\u00eb, sakt\u00ebsin\u00eb, afatin kohor, besueshm\u00ebrin\u00eb dhe plot\u00ebsin\u00eb e informacionit. P\u00ebrjashtohen pretendimet e p\u00ebrgjegj\u00ebsis\u00eb kund\u00ebr [&hellip;]\" \/>\n<meta property=\"og:url\" content=\"https:\/\/solarlehre.ch\/sq\/gjurme\/\" \/>\n<meta property=\"og:site_name\" content=\"Solarlehre - Lerne Solarinstallateur:in\" \/>\n<meta property=\"article:modified_time\" content=\"2024-02-08T10:06:21+00:00\" \/>\n<meta name=\"twitter:card\" content=\"summary_large_image\" \/>\n<meta name=\"twitter:label1\" content=\"Est. reading time\" \/>\n\t<meta name=\"twitter:data1\" content=\"2 minutes\" \/>\n<script type=\"application\/ld+json\" class=\"yoast-schema-graph\">{\"@context\":\"https:\/\/schema.org\",\"@graph\":[{\"@type\":\"WebPage\",\"@id\":\"https:\/\/solarlehre.ch\/sq\/gjurme\/\",\"url\":\"https:\/\/solarlehre.ch\/sq\/gjurme\/\",\"name\":\"gjurm\u00eb - Solarlehre - Lerne Solarinstallateur:in\",\"isPartOf\":{\"@id\":\"https:\/\/solarlehre.ch\/sq\/#website\"},\"datePublished\":\"2023-05-20T11:50:44+00:00\",\"dateModified\":\"2024-02-08T10:06:21+00:00\",\"breadcrumb\":{\"@id\":\"https:\/\/solarlehre.ch\/sq\/gjurme\/#breadcrumb\"},\"inLanguage\":\"sq-AL\",\"potentialAction\":[{\"@type\":\"ReadAction\",\"target\":[\"https:\/\/solarlehre.ch\/sq\/gjurme\/\"]}]},{\"@type\":\"BreadcrumbList\",\"@id\":\"https:\/\/solarlehre.ch\/sq\/gjurme\/#breadcrumb\",\"itemListElement\":[{\"@type\":\"ListItem\",\"position\":1,\"name\":\"Home\",\"item\":\"https:\/\/solarlehre.ch\/sq\/\"},{\"@type\":\"ListItem\",\"position\":2,\"name\":\"gjurm\u00eb\"}]},{\"@type\":\"WebSite\",\"@id\":\"https:\/\/solarlehre.ch\/sq\/#website\",\"url\":\"https:\/\/solarlehre.ch\/sq\/\",\"name\":\"Solarlehre - Lerne Solarinstallateur:in\",\"description\":\"\",\"publisher\":{\"@id\":\"https:\/\/solarlehre.ch\/sq\/#organization\"},\"potentialAction\":[{\"@type\":\"SearchAction\",\"target\":{\"@type\":\"EntryPoint\",\"urlTemplate\":\"https:\/\/solarlehre.ch\/sq\/?s={search_term_string}\"},\"query-input\":{\"@type\":\"PropertyValueSpecification\",\"valueRequired\":true,\"valueName\":\"search_term_string\"}}],\"inLanguage\":\"sq-AL\"},{\"@type\":\"Organization\",\"@id\":\"https:\/\/solarlehre.ch\/sq\/#organization\",\"name\":\"Solarlehre - Lerne Solarinstallateur:in\",\"url\":\"https:\/\/solarlehre.ch\/sq\/\",\"logo\":{\"@type\":\"ImageObject\",\"inLanguage\":\"sq-AL\",\"@id\":\"https:\/\/solarlehre.ch\/sq\/#\/schema\/logo\/image\/\",\"url\":\"https:\/\/solarlehre.ch\/wp-content\/uploads\/2021\/02\/logo_negativ.png\",\"contentUrl\":\"https:\/\/solarlehre.ch\/wp-content\/uploads\/2021\/02\/logo_negativ.png\",\"width\":350,\"height\":92,\"caption\":\"Solarlehre - Lerne Solarinstallateur:in\"},\"image\":{\"@id\":\"https:\/\/solarlehre.ch\/sq\/#\/schema\/logo\/image\/\"}}]}<\/script>\n<!-- \/ Yoast SEO plugin. -->","yoast_head_json":{"title":"gjurm\u00eb - Solarlehre - Lerne Solarinstallateur:in","robots":{"index":"index","follow":"follow","max-snippet":"max-snippet:-1","max-image-preview":"max-image-preview:large","max-video-preview":"max-video-preview:-1"},"canonical":"https:\/\/solarlehre.ch\/sq\/gjurme\/","og_locale":"sq_AL","og_type":"article","og_title":"gjurm\u00eb - Solarlehre - Lerne Solarinstallateur:in","og_description":"gjurm\u00eb Adresa e kontaktit zviceraneNeugasse 6CH-8005 Cyrih tel. +41 44 250 88 33info@swissolar.chwww.swissolar.ch Regjistrimi n\u00eb regjistrin tregtar Emri i kompanis\u00eb s\u00eb regjistruar: Swissolar \u2013 Shoqata Zvicerane p\u00ebr Energjin\u00eb DielloreNumri: CHE-113.452.116 Mohim p\u00ebrgjegj\u00ebsie Swissolar nuk merr p\u00ebrsip\u00ebr asnj\u00eb p\u00ebrgjegj\u00ebsi n\u00eb lidhje me korrekt\u00ebsin\u00eb, sakt\u00ebsin\u00eb, afatin kohor, besueshm\u00ebrin\u00eb dhe plot\u00ebsin\u00eb e informacionit. P\u00ebrjashtohen pretendimet e p\u00ebrgjegj\u00ebsis\u00eb kund\u00ebr [&hellip;]","og_url":"https:\/\/solarlehre.ch\/sq\/gjurme\/","og_site_name":"Solarlehre - Lerne Solarinstallateur:in","article_modified_time":"2024-02-08T10:06:21+00:00","twitter_card":"summary_large_image","twitter_misc":{"Est. reading time":"2 minutes"},"schema":{"@context":"https:\/\/schema.org","@graph":[{"@type":"WebPage","@id":"https:\/\/solarlehre.ch\/sq\/gjurme\/","url":"https:\/\/solarlehre.ch\/sq\/gjurme\/","name":"gjurm\u00eb - Solarlehre - Lerne Solarinstallateur:in","isPartOf":{"@id":"https:\/\/solarlehre.ch\/sq\/#website"},"datePublished":"2023-05-20T11:50:44+00:00","dateModified":"2024-02-08T10:06:21+00:00","breadcrumb":{"@id":"https:\/\/solarlehre.ch\/sq\/gjurme\/#breadcrumb"},"inLanguage":"sq-AL","potentialAction":[{"@type":"ReadAction","target":["https:\/\/solarlehre.ch\/sq\/gjurme\/"]}]},{"@type":"BreadcrumbList","@id":"https:\/\/solarlehre.ch\/sq\/gjurme\/#breadcrumb","itemListElement":[{"@type":"ListItem","position":1,"name":"Home","item":"https:\/\/solarlehre.ch\/sq\/"},{"@type":"ListItem","position":2,"name":"gjurm\u00eb"}]},{"@type":"WebSite","@id":"https:\/\/solarlehre.ch\/sq\/#website","url":"https:\/\/solarlehre.ch\/sq\/","name":"Solarlehre - Lerne Solarinstallateur:in","description":"","publisher":{"@id":"https:\/\/solarlehre.ch\/sq\/#organization"},"potentialAction":[{"@type":"SearchAction","target":{"@type":"EntryPoint","urlTemplate":"https:\/\/solarlehre.ch\/sq\/?s={search_term_string}"},"query-input":{"@type":"PropertyValueSpecification","valueRequired":true,"valueName":"search_term_string"}}],"inLanguage":"sq-AL"},{"@type":"Organization","@id":"https:\/\/solarlehre.ch\/sq\/#organization","name":"Solarlehre - Lerne Solarinstallateur:in","url":"https:\/\/solarlehre.ch\/sq\/","logo":{"@type":"ImageObject","inLanguage":"sq-AL","@id":"https:\/\/solarlehre.ch\/sq\/#\/schema\/logo\/image\/","url":"https:\/\/solarlehre.ch\/wp-content\/uploads\/2021\/02\/logo_negativ.png","contentUrl":"https:\/\/solarlehre.ch\/wp-content\/uploads\/2021\/02\/logo_negativ.png","width":350,"height":92,"caption":"Solarlehre - Lerne Solarinstallateur:in"},"image":{"@id":"https:\/\/solarlehre.ch\/sq\/#\/schema\/logo\/image\/"}}]}},"_links":{"self":[{"href":"https:\/\/solarlehre.ch\/sq\/wp-json\/wp\/v2\/pages\/8091","targetHints":{"allow":["GET"]}}],"collection":[{"href":"https:\/\/solarlehre.ch\/sq\/wp-json\/wp\/v2\/pages"}],"about":[{"href":"https:\/\/solarlehre.ch\/sq\/wp-json\/wp\/v2\/types\/page"}],"author":[{"embeddable":true,"href":"https:\/\/solarlehre.ch\/sq\/wp-json\/wp\/v2\/users\/2"}],"replies":[{"embeddable":true,"href":"https:\/\/solarlehre.ch\/sq\/wp-json\/wp\/v2\/comments?post=8091"}],"version-history":[{"count":1,"href":"https:\/\/solarlehre.ch\/sq\/wp-json\/wp\/v2\/pages\/8091\/revisions"}],"predecessor-version":[{"id":8092,"href":"https:\/\/solarlehre.ch\/sq\/wp-json\/wp\/v2\/pages\/8091\/revisions\/8092"}],"wp:attachment":[{"href":"https:\/\/solarlehre.ch\/sq\/wp-json\/wp\/v2\/media?parent=8091"}],"curies":[{"name":"wp","href":"https:\/\/api.w.org\/{rel}","templated":true}]}}