{"id":8083,"date":"2023-05-20T13:50:44","date_gmt":"2023-05-20T11:50:44","guid":{"rendered":"https:\/\/solarlehre.ch\/impressao\/"},"modified":"2024-02-08T11:05:50","modified_gmt":"2024-02-08T10:05:50","slug":"impressao","status":"publish","type":"page","link":"https:\/\/solarlehre.ch\/pt-pt\/impressao\/","title":{"rendered":"Impress\u00e3o"},"content":{"rendered":"\t\t<div data-elementor-type=\"wp-page\" data-elementor-id=\"8083\" class=\"elementor elementor-8083 elementor-3130\" data-elementor-settings=\"{&quot;ha_cmc_init_switcher&quot;:&quot;no&quot;}\" data-elementor-post-type=\"page\">\n\t\t\t\t\t\t<section class=\"elementor-section elementor-top-section elementor-element elementor-element-c5b364f elementor-section-boxed elementor-section-height-default elementor-section-height-default\" data-id=\"c5b364f\" data-element_type=\"section\" data-e-type=\"section\" data-settings=\"{&quot;_ha_eqh_enable&quot;:false}\">\n\t\t\t\t\t\t<div class=\"elementor-container elementor-column-gap-default\">\n\t\t\t\t\t<div class=\"elementor-column elementor-col-100 elementor-top-column elementor-element elementor-element-2a80040\" data-id=\"2a80040\" data-element_type=\"column\" data-e-type=\"column\">\n\t\t\t<div class=\"elementor-widget-wrap elementor-element-populated\">\n\t\t\t\t\t\t<div class=\"elementor-element elementor-element-a77dcc9 elementor-widget elementor-widget-heading\" data-id=\"a77dcc9\" data-element_type=\"widget\" data-e-type=\"widget\" data-widget_type=\"heading.default\">\n\t\t\t\t<div class=\"elementor-widget-container\">\n\t\t\t\t\t<h1 class=\"elementor-heading-title elementor-size-default\">Impress\u00e3o<\/h1>\t\t\t\t<\/div>\n\t\t\t\t<\/div>\n\t\t\t\t<div class=\"elementor-element elementor-element-497df38 elementor-widget elementor-widget-text-editor\" data-id=\"497df38\" data-element_type=\"widget\" data-e-type=\"widget\" data-widget_type=\"text-editor.default\">\n\t\t\t\t<div class=\"elementor-widget-container\">\n\t\t\t\t\t\t\t\t\t<p><strong>Endere\u00e7o de contacto<\/strong><\/p>\n<p>Swissolar<br \/>Neugasse 6<br \/>CH-8005 Zurique<\/p>\n<p>Tel. +41 44 250 88 33<br \/><a href=\"mailto:info@swissolar.ch\">info@swissolar.ch<\/a><br \/><a href=\"https:\/\/www.swissolar.ch\">www.swissolar.ch<\/a><\/p>\n<p><strong>Inscri\u00e7\u00e3o no registo comercial<\/strong><\/p>\n<p>Nome da empresa registada: Swissolar &#8211; Associa\u00e7\u00e3o Su\u00ed\u00e7a de Energia Solar<br \/>N\u00famero: CHE-113.452.116<\/p>\n<p><strong>Declara\u00e7\u00e3o de exonera\u00e7\u00e3o de responsabilidade<\/strong><\/p>\n<p>A Swissolar n\u00e3o assume qualquer responsabilidade no que diz respeito \u00e0 exatid\u00e3o, \u00e0 precis\u00e3o, \u00e0 atualidade, \u00e0 fiabilidade e \u00e0 exaustividade das informa\u00e7\u00f5es. Est\u00e3o exclu\u00eddos os pedidos de indemniza\u00e7\u00e3o contra o autor por danos materiais ou imateriais resultantes do acesso, da utiliza\u00e7\u00e3o ou da n\u00e3o utiliza\u00e7\u00e3o das informa\u00e7\u00f5es publicadas, da m\u00e1 utiliza\u00e7\u00e3o da liga\u00e7\u00e3o ou de falhas t\u00e9cnicas. Todas as ofertas n\u00e3o s\u00e3o vinculativas. O autor reserva-se expressamente o direito de alterar, completar ou suprimir partes das p\u00e1ginas ou a totalidade da oferta sem aviso pr\u00e9vio ou de cessar a publica\u00e7\u00e3o tempor\u00e1ria ou definitivamente.<\/p>\n<p><strong>Responsabilidade pelas liga\u00e7\u00f5es<\/strong><\/p>\n<p>As refer\u00eancias e liga\u00e7\u00f5es a s\u00edtios Web de terceiros est\u00e3o fora da nossa \u00e1rea de responsabilidade. N\u00e3o aceitamos qualquer responsabilidade por esses s\u00edtios Web. O acesso e a utiliza\u00e7\u00e3o desses s\u00edtios Web s\u00e3o da responsabilidade do utilizador.<\/p>\n<p><strong>Direitos de autor<\/strong><\/p>\n<p>Os direitos de autor e todos os outros direitos relativos aos conte\u00fados, imagens, fotografias ou outros ficheiros do s\u00edtio Web pertencem exclusivamente \u00e0 Associa\u00e7\u00e3o Swissolar ou aos titulares de direitos especificamente designados. Para a reprodu\u00e7\u00e3o de quaisquer elementos, \u00e9 necess\u00e1rio obter previamente o consentimento escrito do titular dos direitos de autor.<\/p>\n<p><strong>Texto, imagens e direitos de autor<\/strong><\/p>\n<p>Swissolar &#8211; Associa\u00e7\u00e3o profissional su\u00ed\u00e7a para a energia solar<br \/>Neugasse 6<br \/>CH-8005 Zurique<\/p>\n<p><strong>Conceito, conce\u00e7\u00e3o e realiza\u00e7\u00e3o t\u00e9cnica do s\u00edtio Web<\/strong><\/p>\n<p>Therefore GmbH<br \/>Tramstrasse 4<br \/>8050 Zurique<\/p>\n<p>Tel. +41 44 298 88 00<br \/><a href=\"mailto:info@therefore.ch\">info@therefore.ch<\/a><br \/><a href=\"https:\/\/www.therefore.ch\" target=\"_blank\" rel=\"noopener\">www.therefore.ch<\/a><\/p>\n\t\t\t\t\t\t\t\t<\/div>\n\t\t\t\t<\/div>\n\t\t\t\t\t<\/div>\n\t\t<\/div>\n\t\t\t\t\t<\/div>\n\t\t<\/section>\n\t\t\t\t<\/div>\n\t\t","protected":false},"excerpt":{"rendered":"<p>Impress\u00e3o Endere\u00e7o de contacto SwissolarNeugasse 6CH-8005 Zurique Tel. +41 44 250 88 33info@swissolar.chwww.swissolar.ch Inscri\u00e7\u00e3o no registo comercial Nome da empresa registada: Swissolar &#8211; Associa\u00e7\u00e3o Su\u00ed\u00e7a de Energia SolarN\u00famero: CHE-113.452.116 Declara\u00e7\u00e3o de exonera\u00e7\u00e3o de responsabilidade A Swissolar n\u00e3o assume qualquer responsabilidade no que diz respeito \u00e0 exatid\u00e3o, \u00e0 precis\u00e3o, \u00e0 atualidade, \u00e0 fiabilidade e \u00e0 exaustividade [&hellip;]<\/p>\n","protected":false},"author":2,"featured_media":0,"parent":0,"menu_order":900,"comment_status":"closed","ping_status":"closed","template":"","meta":{"_acf_changed":false,"footnotes":""},"class_list":["post-8083","page","type-page","status-publish","hentry"],"acf":[],"yoast_head":"<!-- This site is optimized with the Yoast SEO plugin v27.0 - https:\/\/yoast.com\/product\/yoast-seo-wordpress\/ -->\n<title>Impress\u00e3o - Solarlehre - Lerne Solarinstallateur:in<\/title>\n<meta name=\"robots\" content=\"index, follow, max-snippet:-1, max-image-preview:large, max-video-preview:-1\" \/>\n<link rel=\"canonical\" href=\"https:\/\/solarlehre.ch\/pt-pt\/impressao\/\" \/>\n<meta property=\"og:locale\" content=\"pt_PT\" \/>\n<meta property=\"og:type\" content=\"article\" \/>\n<meta property=\"og:title\" content=\"Impress\u00e3o - Solarlehre - Lerne Solarinstallateur:in\" \/>\n<meta property=\"og:description\" content=\"Impress\u00e3o Endere\u00e7o de contacto SwissolarNeugasse 6CH-8005 Zurique Tel. +41 44 250 88 33info@swissolar.chwww.swissolar.ch Inscri\u00e7\u00e3o no registo comercial Nome da empresa registada: Swissolar &#8211; Associa\u00e7\u00e3o Su\u00ed\u00e7a de Energia SolarN\u00famero: CHE-113.452.116 Declara\u00e7\u00e3o de exonera\u00e7\u00e3o de responsabilidade A Swissolar n\u00e3o assume qualquer responsabilidade no que diz respeito \u00e0 exatid\u00e3o, \u00e0 precis\u00e3o, \u00e0 atualidade, \u00e0 fiabilidade e \u00e0 exaustividade [&hellip;]\" \/>\n<meta property=\"og:url\" content=\"https:\/\/solarlehre.ch\/pt-pt\/impressao\/\" \/>\n<meta property=\"og:site_name\" content=\"Solarlehre - Lerne Solarinstallateur:in\" \/>\n<meta property=\"article:modified_time\" content=\"2024-02-08T10:05:50+00:00\" \/>\n<meta name=\"twitter:card\" content=\"summary_large_image\" \/>\n<meta name=\"twitter:label1\" content=\"Tempo estimado de leitura\" \/>\n\t<meta name=\"twitter:data1\" content=\"1 minuto\" \/>\n<script type=\"application\/ld+json\" class=\"yoast-schema-graph\">{\"@context\":\"https:\/\/schema.org\",\"@graph\":[{\"@type\":\"WebPage\",\"@id\":\"https:\/\/solarlehre.ch\/pt-pt\/impressao\/\",\"url\":\"https:\/\/solarlehre.ch\/pt-pt\/impressao\/\",\"name\":\"Impress\u00e3o - Solarlehre - Lerne Solarinstallateur:in\",\"isPartOf\":{\"@id\":\"https:\/\/solarlehre.ch\/pt-pt\/#website\"},\"datePublished\":\"2023-05-20T11:50:44+00:00\",\"dateModified\":\"2024-02-08T10:05:50+00:00\",\"breadcrumb\":{\"@id\":\"https:\/\/solarlehre.ch\/pt-pt\/impressao\/#breadcrumb\"},\"inLanguage\":\"pt-PT\",\"potentialAction\":[{\"@type\":\"ReadAction\",\"target\":[\"https:\/\/solarlehre.ch\/pt-pt\/impressao\/\"]}]},{\"@type\":\"BreadcrumbList\",\"@id\":\"https:\/\/solarlehre.ch\/pt-pt\/impressao\/#breadcrumb\",\"itemListElement\":[{\"@type\":\"ListItem\",\"position\":1,\"name\":\"Home\",\"item\":\"https:\/\/solarlehre.ch\/pt-pt\/\"},{\"@type\":\"ListItem\",\"position\":2,\"name\":\"Impress\u00e3o\"}]},{\"@type\":\"WebSite\",\"@id\":\"https:\/\/solarlehre.ch\/pt-pt\/#website\",\"url\":\"https:\/\/solarlehre.ch\/pt-pt\/\",\"name\":\"Solarlehre - Lerne Solarinstallateur:in\",\"description\":\"\",\"publisher\":{\"@id\":\"https:\/\/solarlehre.ch\/pt-pt\/#organization\"},\"potentialAction\":[{\"@type\":\"SearchAction\",\"target\":{\"@type\":\"EntryPoint\",\"urlTemplate\":\"https:\/\/solarlehre.ch\/pt-pt\/?s={search_term_string}\"},\"query-input\":{\"@type\":\"PropertyValueSpecification\",\"valueRequired\":true,\"valueName\":\"search_term_string\"}}],\"inLanguage\":\"pt-PT\"},{\"@type\":\"Organization\",\"@id\":\"https:\/\/solarlehre.ch\/pt-pt\/#organization\",\"name\":\"Solarlehre - Lerne Solarinstallateur:in\",\"url\":\"https:\/\/solarlehre.ch\/pt-pt\/\",\"logo\":{\"@type\":\"ImageObject\",\"inLanguage\":\"pt-PT\",\"@id\":\"https:\/\/solarlehre.ch\/pt-pt\/#\/schema\/logo\/image\/\",\"url\":\"https:\/\/solarlehre.ch\/wp-content\/uploads\/2021\/02\/logo_negativ.png\",\"contentUrl\":\"https:\/\/solarlehre.ch\/wp-content\/uploads\/2021\/02\/logo_negativ.png\",\"width\":350,\"height\":92,\"caption\":\"Solarlehre - Lerne Solarinstallateur:in\"},\"image\":{\"@id\":\"https:\/\/solarlehre.ch\/pt-pt\/#\/schema\/logo\/image\/\"}}]}<\/script>\n<!-- \/ Yoast SEO plugin. -->","yoast_head_json":{"title":"Impress\u00e3o - Solarlehre - Lerne Solarinstallateur:in","robots":{"index":"index","follow":"follow","max-snippet":"max-snippet:-1","max-image-preview":"max-image-preview:large","max-video-preview":"max-video-preview:-1"},"canonical":"https:\/\/solarlehre.ch\/pt-pt\/impressao\/","og_locale":"pt_PT","og_type":"article","og_title":"Impress\u00e3o - Solarlehre - Lerne Solarinstallateur:in","og_description":"Impress\u00e3o Endere\u00e7o de contacto SwissolarNeugasse 6CH-8005 Zurique Tel. +41 44 250 88 33info@swissolar.chwww.swissolar.ch Inscri\u00e7\u00e3o no registo comercial Nome da empresa registada: Swissolar &#8211; Associa\u00e7\u00e3o Su\u00ed\u00e7a de Energia SolarN\u00famero: CHE-113.452.116 Declara\u00e7\u00e3o de exonera\u00e7\u00e3o de responsabilidade A Swissolar n\u00e3o assume qualquer responsabilidade no que diz respeito \u00e0 exatid\u00e3o, \u00e0 precis\u00e3o, \u00e0 atualidade, \u00e0 fiabilidade e \u00e0 exaustividade [&hellip;]","og_url":"https:\/\/solarlehre.ch\/pt-pt\/impressao\/","og_site_name":"Solarlehre - Lerne Solarinstallateur:in","article_modified_time":"2024-02-08T10:05:50+00:00","twitter_card":"summary_large_image","twitter_misc":{"Tempo estimado de leitura":"1 minuto"},"schema":{"@context":"https:\/\/schema.org","@graph":[{"@type":"WebPage","@id":"https:\/\/solarlehre.ch\/pt-pt\/impressao\/","url":"https:\/\/solarlehre.ch\/pt-pt\/impressao\/","name":"Impress\u00e3o - Solarlehre - Lerne Solarinstallateur:in","isPartOf":{"@id":"https:\/\/solarlehre.ch\/pt-pt\/#website"},"datePublished":"2023-05-20T11:50:44+00:00","dateModified":"2024-02-08T10:05:50+00:00","breadcrumb":{"@id":"https:\/\/solarlehre.ch\/pt-pt\/impressao\/#breadcrumb"},"inLanguage":"pt-PT","potentialAction":[{"@type":"ReadAction","target":["https:\/\/solarlehre.ch\/pt-pt\/impressao\/"]}]},{"@type":"BreadcrumbList","@id":"https:\/\/solarlehre.ch\/pt-pt\/impressao\/#breadcrumb","itemListElement":[{"@type":"ListItem","position":1,"name":"Home","item":"https:\/\/solarlehre.ch\/pt-pt\/"},{"@type":"ListItem","position":2,"name":"Impress\u00e3o"}]},{"@type":"WebSite","@id":"https:\/\/solarlehre.ch\/pt-pt\/#website","url":"https:\/\/solarlehre.ch\/pt-pt\/","name":"Solarlehre - Lerne Solarinstallateur:in","description":"","publisher":{"@id":"https:\/\/solarlehre.ch\/pt-pt\/#organization"},"potentialAction":[{"@type":"SearchAction","target":{"@type":"EntryPoint","urlTemplate":"https:\/\/solarlehre.ch\/pt-pt\/?s={search_term_string}"},"query-input":{"@type":"PropertyValueSpecification","valueRequired":true,"valueName":"search_term_string"}}],"inLanguage":"pt-PT"},{"@type":"Organization","@id":"https:\/\/solarlehre.ch\/pt-pt\/#organization","name":"Solarlehre - Lerne Solarinstallateur:in","url":"https:\/\/solarlehre.ch\/pt-pt\/","logo":{"@type":"ImageObject","inLanguage":"pt-PT","@id":"https:\/\/solarlehre.ch\/pt-pt\/#\/schema\/logo\/image\/","url":"https:\/\/solarlehre.ch\/wp-content\/uploads\/2021\/02\/logo_negativ.png","contentUrl":"https:\/\/solarlehre.ch\/wp-content\/uploads\/2021\/02\/logo_negativ.png","width":350,"height":92,"caption":"Solarlehre - Lerne Solarinstallateur:in"},"image":{"@id":"https:\/\/solarlehre.ch\/pt-pt\/#\/schema\/logo\/image\/"}}]}},"_links":{"self":[{"href":"https:\/\/solarlehre.ch\/pt-pt\/wp-json\/wp\/v2\/pages\/8083","targetHints":{"allow":["GET"]}}],"collection":[{"href":"https:\/\/solarlehre.ch\/pt-pt\/wp-json\/wp\/v2\/pages"}],"about":[{"href":"https:\/\/solarlehre.ch\/pt-pt\/wp-json\/wp\/v2\/types\/page"}],"author":[{"embeddable":true,"href":"https:\/\/solarlehre.ch\/pt-pt\/wp-json\/wp\/v2\/users\/2"}],"replies":[{"embeddable":true,"href":"https:\/\/solarlehre.ch\/pt-pt\/wp-json\/wp\/v2\/comments?post=8083"}],"version-history":[{"count":1,"href":"https:\/\/solarlehre.ch\/pt-pt\/wp-json\/wp\/v2\/pages\/8083\/revisions"}],"predecessor-version":[{"id":8084,"href":"https:\/\/solarlehre.ch\/pt-pt\/wp-json\/wp\/v2\/pages\/8083\/revisions\/8084"}],"wp:attachment":[{"href":"https:\/\/solarlehre.ch\/pt-pt\/wp-json\/wp\/v2\/media?parent=8083"}],"curies":[{"name":"wp","href":"https:\/\/api.w.org\/{rel}","templated":true}]}}