{"id":5397,"date":"2023-05-20T13:50:44","date_gmt":"2023-05-20T11:50:44","guid":{"rendered":"https:\/\/solarlehre.ch\/impressum\/"},"modified":"2023-07-10T09:04:28","modified_gmt":"2023-07-10T07:04:28","slug":"impressum","status":"publish","type":"page","link":"https:\/\/solarlehre.ch\/it\/impressum\/","title":{"rendered":"Impressum"},"content":{"rendered":"\t\t<div data-elementor-type=\"wp-page\" data-elementor-id=\"5397\" class=\"elementor elementor-5397 elementor-3130\" data-elementor-settings=\"{&quot;ha_cmc_init_switcher&quot;:&quot;no&quot;}\" data-elementor-post-type=\"page\">\n\t\t\t\t\t\t<section class=\"elementor-section elementor-top-section elementor-element elementor-element-c5b364f elementor-section-boxed elementor-section-height-default elementor-section-height-default\" data-id=\"c5b364f\" data-element_type=\"section\" data-e-type=\"section\" data-settings=\"{&quot;_ha_eqh_enable&quot;:false}\">\n\t\t\t\t\t\t<div class=\"elementor-container elementor-column-gap-default\">\n\t\t\t\t\t<div class=\"elementor-column elementor-col-100 elementor-top-column elementor-element elementor-element-2a80040\" data-id=\"2a80040\" data-element_type=\"column\" data-e-type=\"column\">\n\t\t\t<div class=\"elementor-widget-wrap elementor-element-populated\">\n\t\t\t\t\t\t<div class=\"elementor-element elementor-element-a77dcc9 elementor-widget elementor-widget-heading\" data-id=\"a77dcc9\" data-element_type=\"widget\" data-e-type=\"widget\" data-widget_type=\"heading.default\">\n\t\t\t\t<div class=\"elementor-widget-container\">\n\t\t\t\t\t<h1 class=\"elementor-heading-title elementor-size-default\">Impressum<\/h1>\t\t\t\t<\/div>\n\t\t\t\t<\/div>\n\t\t\t\t<div class=\"elementor-element elementor-element-497df38 elementor-widget elementor-widget-text-editor\" data-id=\"497df38\" data-element_type=\"widget\" data-e-type=\"widget\" data-widget_type=\"text-editor.default\">\n\t\t\t\t<div class=\"elementor-widget-container\">\n\t\t\t\t\t\t\t\t\t<p><strong>Indirizzo di contatto<\/strong><\/p>\n<p>Swissolar<br \/>\nNeugasse 6<br \/>\nCH-8005 Z\u00fcrich<\/p>\n<p>Tel. +41 44 250 88 33<br \/>\n<a href=\"mailto:info@swissolar.ch\">info@swissolar.ch<\/a><br \/>\n<a href=\"https:\/\/www.swissolar.ch\" target=\"_blank\" rel=\"noopener\">www.swissolar.ch<\/a><\/p>\n<p><strong>Iscrizione al registro delle imprese<\/strong><\/p>\n<p>Ragione sociale: Swissolar &#8211; Associazione svizzera per l&#8217;energia solare<br \/>\nNumero: CHE-113.452.116<\/p>\n<p><strong>Esclusione di responsabilit\u00e0<\/strong><\/p>\n<p>Swissolar non si assume alcuna responsabilit\u00e0 in merito alla correttezza, all&#8217;esattezza, all&#8217;attualit\u00e0, all&#8217;affidabilit\u00e0 e alla completezza delle informazioni fornite. Le richieste di risarcimento per danni causati dall&#8217;uso delle informazioni fornite, comprese quelle incomplete o errate, saranno pertanto respinte. Tutte le offerte non sono vincolanti. L&#8217;autore si riserva espressamente il diritto di modificare, integrare o cancellare parti delle pagine o l&#8217;intera offerta senza preavviso o di interrompere temporaneamente o definitivamente la pubblicazione.<\/p>\n<p><strong>Responsabilit\u00e0 per i link<\/strong><\/p>\n<p>I riferimenti e i link a siti web di terzi non rientrano nella nostra sfera di responsabilit\u00e0. Decliniamo ogni responsabilit\u00e0 per tali siti web. L&#8217;accesso e l&#8217;utilizzo di tali siti web \u00e8 a rischio e pericolo dell&#8217;utente.<\/p>\n<p><strong>Diritti d&#8217;autore<\/strong><\/p>\n<p>I diritti d&#8217;autore e tutti gli altri diritti sui contenuti, le immagini, le foto o altri file del sito web appartengono esclusivamente all&#8217;Associazione Swissolar o ai titolari dei diritti specificamente indicati. Per la riproduzione di qualsiasi elemento \u00e8 necessario ottenere preventivamente il consenso scritto dei titolari dei diritti d&#8217;autore.<\/p>\n<p><strong>Testo, immagini e copyright<\/strong><\/p>\n<p>Swissolar \u2013 Schweizerischer Fachverband f\u00fcr Sonnenenergie<br \/>\nNeugasse 6<br \/>\nCH-8005 Z\u00fcrich<\/p>\n<p><strong>Ideazione, progettazione e realizzazione tecnica del sito web<\/strong><\/p>\n<p>Therefore GmbH<br \/>\nTramstrasse 4<br \/>\n8050 Z\u00fcrich<\/p>\n<p>Tel. +41 44 298 88 00<br \/>\n<a href=\"mailto:info@therefore.ch\">info@therefore.ch<\/a><br \/>\n<a href=\"https:\/\/www.therefore.ch\" target=\"_blank\" rel=\"noopener\">www.therefore.ch<\/a><\/p>\n\t\t\t\t\t\t\t\t<\/div>\n\t\t\t\t<\/div>\n\t\t\t\t\t<\/div>\n\t\t<\/div>\n\t\t\t\t\t<\/div>\n\t\t<\/section>\n\t\t\t\t<\/div>\n\t\t","protected":false},"excerpt":{"rendered":"<p>Impressum Indirizzo di contatto Swissolar Neugasse 6 CH-8005 Z\u00fcrich Tel. +41 44 250 88 33 info@swissolar.ch www.swissolar.ch Iscrizione al registro delle imprese Ragione sociale: Swissolar &#8211; Associazione svizzera per l&#8217;energia solare Numero: CHE-113.452.116 Esclusione di responsabilit\u00e0 Swissolar non si assume alcuna responsabilit\u00e0 in merito alla correttezza, all&#8217;esattezza, all&#8217;attualit\u00e0, all&#8217;affidabilit\u00e0 e alla completezza delle informazioni fornite. [&hellip;]<\/p>\n","protected":false},"author":2,"featured_media":0,"parent":0,"menu_order":900,"comment_status":"closed","ping_status":"closed","template":"","meta":{"_acf_changed":false,"footnotes":""},"class_list":["post-5397","page","type-page","status-publish","hentry"],"acf":[],"yoast_head":"<!-- This site is optimized with the Yoast SEO plugin v27.0 - https:\/\/yoast.com\/product\/yoast-seo-wordpress\/ -->\n<title>Impressum - Solarlehre - Lerne Solarinstallateur:in<\/title>\n<meta name=\"robots\" content=\"index, follow, max-snippet:-1, max-image-preview:large, max-video-preview:-1\" \/>\n<link rel=\"canonical\" href=\"https:\/\/solarlehre.ch\/it\/impressum\/\" \/>\n<meta property=\"og:locale\" content=\"it_IT\" \/>\n<meta property=\"og:type\" content=\"article\" \/>\n<meta property=\"og:title\" content=\"Impressum - Solarlehre - Lerne Solarinstallateur:in\" \/>\n<meta property=\"og:description\" content=\"Impressum Indirizzo di contatto Swissolar Neugasse 6 CH-8005 Z\u00fcrich Tel. +41 44 250 88 33 info@swissolar.ch www.swissolar.ch Iscrizione al registro delle imprese Ragione sociale: Swissolar &#8211; Associazione svizzera per l&#8217;energia solare Numero: CHE-113.452.116 Esclusione di responsabilit\u00e0 Swissolar non si assume alcuna responsabilit\u00e0 in merito alla correttezza, all&#8217;esattezza, all&#8217;attualit\u00e0, all&#8217;affidabilit\u00e0 e alla completezza delle informazioni fornite. [&hellip;]\" \/>\n<meta property=\"og:url\" content=\"https:\/\/solarlehre.ch\/it\/impressum\/\" \/>\n<meta property=\"og:site_name\" content=\"Solarlehre - Lerne Solarinstallateur:in\" \/>\n<meta property=\"article:modified_time\" content=\"2023-07-10T07:04:28+00:00\" \/>\n<meta name=\"twitter:card\" content=\"summary_large_image\" \/>\n<meta name=\"twitter:label1\" content=\"Tempo di lettura stimato\" \/>\n\t<meta name=\"twitter:data1\" content=\"1 minuto\" \/>\n<script type=\"application\/ld+json\" class=\"yoast-schema-graph\">{\"@context\":\"https:\/\/schema.org\",\"@graph\":[{\"@type\":\"WebPage\",\"@id\":\"https:\/\/solarlehre.ch\/it\/impressum\/\",\"url\":\"https:\/\/solarlehre.ch\/it\/impressum\/\",\"name\":\"Impressum - Solarlehre - Lerne Solarinstallateur:in\",\"isPartOf\":{\"@id\":\"https:\/\/solarlehre.ch\/it\/#website\"},\"datePublished\":\"2023-05-20T11:50:44+00:00\",\"dateModified\":\"2023-07-10T07:04:28+00:00\",\"breadcrumb\":{\"@id\":\"https:\/\/solarlehre.ch\/it\/impressum\/#breadcrumb\"},\"inLanguage\":\"it-IT\",\"potentialAction\":[{\"@type\":\"ReadAction\",\"target\":[\"https:\/\/solarlehre.ch\/it\/impressum\/\"]}]},{\"@type\":\"BreadcrumbList\",\"@id\":\"https:\/\/solarlehre.ch\/it\/impressum\/#breadcrumb\",\"itemListElement\":[{\"@type\":\"ListItem\",\"position\":1,\"name\":\"Home\",\"item\":\"https:\/\/solarlehre.ch\/it\/\"},{\"@type\":\"ListItem\",\"position\":2,\"name\":\"Impressum\"}]},{\"@type\":\"WebSite\",\"@id\":\"https:\/\/solarlehre.ch\/it\/#website\",\"url\":\"https:\/\/solarlehre.ch\/it\/\",\"name\":\"Solarlehre - Lerne Solarinstallateur:in\",\"description\":\"\",\"publisher\":{\"@id\":\"https:\/\/solarlehre.ch\/it\/#organization\"},\"potentialAction\":[{\"@type\":\"SearchAction\",\"target\":{\"@type\":\"EntryPoint\",\"urlTemplate\":\"https:\/\/solarlehre.ch\/it\/?s={search_term_string}\"},\"query-input\":{\"@type\":\"PropertyValueSpecification\",\"valueRequired\":true,\"valueName\":\"search_term_string\"}}],\"inLanguage\":\"it-IT\"},{\"@type\":\"Organization\",\"@id\":\"https:\/\/solarlehre.ch\/it\/#organization\",\"name\":\"Solarlehre - Lerne Solarinstallateur:in\",\"url\":\"https:\/\/solarlehre.ch\/it\/\",\"logo\":{\"@type\":\"ImageObject\",\"inLanguage\":\"it-IT\",\"@id\":\"https:\/\/solarlehre.ch\/it\/#\/schema\/logo\/image\/\",\"url\":\"https:\/\/solarlehre.ch\/wp-content\/uploads\/2021\/02\/logo_negativ.png\",\"contentUrl\":\"https:\/\/solarlehre.ch\/wp-content\/uploads\/2021\/02\/logo_negativ.png\",\"width\":350,\"height\":92,\"caption\":\"Solarlehre - Lerne Solarinstallateur:in\"},\"image\":{\"@id\":\"https:\/\/solarlehre.ch\/it\/#\/schema\/logo\/image\/\"}}]}<\/script>\n<!-- \/ Yoast SEO plugin. -->","yoast_head_json":{"title":"Impressum - Solarlehre - Lerne Solarinstallateur:in","robots":{"index":"index","follow":"follow","max-snippet":"max-snippet:-1","max-image-preview":"max-image-preview:large","max-video-preview":"max-video-preview:-1"},"canonical":"https:\/\/solarlehre.ch\/it\/impressum\/","og_locale":"it_IT","og_type":"article","og_title":"Impressum - Solarlehre - Lerne Solarinstallateur:in","og_description":"Impressum Indirizzo di contatto Swissolar Neugasse 6 CH-8005 Z\u00fcrich Tel. +41 44 250 88 33 info@swissolar.ch www.swissolar.ch Iscrizione al registro delle imprese Ragione sociale: Swissolar &#8211; Associazione svizzera per l&#8217;energia solare Numero: CHE-113.452.116 Esclusione di responsabilit\u00e0 Swissolar non si assume alcuna responsabilit\u00e0 in merito alla correttezza, all&#8217;esattezza, all&#8217;attualit\u00e0, all&#8217;affidabilit\u00e0 e alla completezza delle informazioni fornite. [&hellip;]","og_url":"https:\/\/solarlehre.ch\/it\/impressum\/","og_site_name":"Solarlehre - Lerne Solarinstallateur:in","article_modified_time":"2023-07-10T07:04:28+00:00","twitter_card":"summary_large_image","twitter_misc":{"Tempo di lettura stimato":"1 minuto"},"schema":{"@context":"https:\/\/schema.org","@graph":[{"@type":"WebPage","@id":"https:\/\/solarlehre.ch\/it\/impressum\/","url":"https:\/\/solarlehre.ch\/it\/impressum\/","name":"Impressum - Solarlehre - Lerne Solarinstallateur:in","isPartOf":{"@id":"https:\/\/solarlehre.ch\/it\/#website"},"datePublished":"2023-05-20T11:50:44+00:00","dateModified":"2023-07-10T07:04:28+00:00","breadcrumb":{"@id":"https:\/\/solarlehre.ch\/it\/impressum\/#breadcrumb"},"inLanguage":"it-IT","potentialAction":[{"@type":"ReadAction","target":["https:\/\/solarlehre.ch\/it\/impressum\/"]}]},{"@type":"BreadcrumbList","@id":"https:\/\/solarlehre.ch\/it\/impressum\/#breadcrumb","itemListElement":[{"@type":"ListItem","position":1,"name":"Home","item":"https:\/\/solarlehre.ch\/it\/"},{"@type":"ListItem","position":2,"name":"Impressum"}]},{"@type":"WebSite","@id":"https:\/\/solarlehre.ch\/it\/#website","url":"https:\/\/solarlehre.ch\/it\/","name":"Solarlehre - Lerne Solarinstallateur:in","description":"","publisher":{"@id":"https:\/\/solarlehre.ch\/it\/#organization"},"potentialAction":[{"@type":"SearchAction","target":{"@type":"EntryPoint","urlTemplate":"https:\/\/solarlehre.ch\/it\/?s={search_term_string}"},"query-input":{"@type":"PropertyValueSpecification","valueRequired":true,"valueName":"search_term_string"}}],"inLanguage":"it-IT"},{"@type":"Organization","@id":"https:\/\/solarlehre.ch\/it\/#organization","name":"Solarlehre - Lerne Solarinstallateur:in","url":"https:\/\/solarlehre.ch\/it\/","logo":{"@type":"ImageObject","inLanguage":"it-IT","@id":"https:\/\/solarlehre.ch\/it\/#\/schema\/logo\/image\/","url":"https:\/\/solarlehre.ch\/wp-content\/uploads\/2021\/02\/logo_negativ.png","contentUrl":"https:\/\/solarlehre.ch\/wp-content\/uploads\/2021\/02\/logo_negativ.png","width":350,"height":92,"caption":"Solarlehre - Lerne Solarinstallateur:in"},"image":{"@id":"https:\/\/solarlehre.ch\/it\/#\/schema\/logo\/image\/"}}]}},"_links":{"self":[{"href":"https:\/\/solarlehre.ch\/it\/wp-json\/wp\/v2\/pages\/5397","targetHints":{"allow":["GET"]}}],"collection":[{"href":"https:\/\/solarlehre.ch\/it\/wp-json\/wp\/v2\/pages"}],"about":[{"href":"https:\/\/solarlehre.ch\/it\/wp-json\/wp\/v2\/types\/page"}],"author":[{"embeddable":true,"href":"https:\/\/solarlehre.ch\/it\/wp-json\/wp\/v2\/users\/2"}],"replies":[{"embeddable":true,"href":"https:\/\/solarlehre.ch\/it\/wp-json\/wp\/v2\/comments?post=5397"}],"version-history":[{"count":1,"href":"https:\/\/solarlehre.ch\/it\/wp-json\/wp\/v2\/pages\/5397\/revisions"}],"predecessor-version":[{"id":5398,"href":"https:\/\/solarlehre.ch\/it\/wp-json\/wp\/v2\/pages\/5397\/revisions\/5398"}],"wp:attachment":[{"href":"https:\/\/solarlehre.ch\/it\/wp-json\/wp\/v2\/media?parent=5397"}],"curies":[{"name":"wp","href":"https:\/\/api.w.org\/{rel}","templated":true}]}}