{"id":5395,"date":"2023-05-20T13:50:44","date_gmt":"2023-05-20T11:50:44","guid":{"rendered":"https:\/\/solarlehre.ch\/impressum\/"},"modified":"2023-07-10T09:04:26","modified_gmt":"2023-07-10T07:04:26","slug":"impressum","status":"publish","type":"page","link":"https:\/\/solarlehre.ch\/fr\/impressum\/","title":{"rendered":"Impressum"},"content":{"rendered":"\t\t<div data-elementor-type=\"wp-page\" data-elementor-id=\"5395\" class=\"elementor elementor-5395 elementor-3130\" data-elementor-settings=\"{&quot;ha_cmc_init_switcher&quot;:&quot;no&quot;}\" data-elementor-post-type=\"page\">\n\t\t\t\t\t\t<section class=\"elementor-section elementor-top-section elementor-element elementor-element-c5b364f elementor-section-boxed elementor-section-height-default elementor-section-height-default\" data-id=\"c5b364f\" data-element_type=\"section\" data-e-type=\"section\" data-settings=\"{&quot;_ha_eqh_enable&quot;:false}\">\n\t\t\t\t\t\t<div class=\"elementor-container elementor-column-gap-default\">\n\t\t\t\t\t<div class=\"elementor-column elementor-col-100 elementor-top-column elementor-element elementor-element-2a80040\" data-id=\"2a80040\" data-element_type=\"column\" data-e-type=\"column\">\n\t\t\t<div class=\"elementor-widget-wrap elementor-element-populated\">\n\t\t\t\t\t\t<div class=\"elementor-element elementor-element-a77dcc9 elementor-widget elementor-widget-heading\" data-id=\"a77dcc9\" data-element_type=\"widget\" data-e-type=\"widget\" data-widget_type=\"heading.default\">\n\t\t\t\t<div class=\"elementor-widget-container\">\n\t\t\t\t\t<h1 class=\"elementor-heading-title elementor-size-default\">Impressum<\/h1>\t\t\t\t<\/div>\n\t\t\t\t<\/div>\n\t\t\t\t<div class=\"elementor-element elementor-element-497df38 elementor-widget elementor-widget-text-editor\" data-id=\"497df38\" data-element_type=\"widget\" data-e-type=\"widget\" data-widget_type=\"text-editor.default\">\n\t\t\t\t<div class=\"elementor-widget-container\">\n\t\t\t\t\t\t\t\t\t<p><strong>Adresse de contact<\/strong><\/p>\n<p>Swissolar<br \/>\nNeugasse 6<br \/>\nCH-8005 Z\u00fcrich<\/p>\n<p>Tel. +41 44 250 88 33<br \/>\n<a href=\"mailto:info@swissolar.ch\">info@swissolar.ch<\/a><br \/>\n<a href=\"https:\/\/www.swissolar.ch\">www.swissolar.ch<\/a><\/p>\n<p><strong>Inscription au registre du commerce<\/strong><\/p>\n<p>Raison sociale enregistr\u00e9e : Swissolar \u2013 Schweizerischer Fachverband f\u00fcr Sonnenenergie<br \/>\nNum\u00e9ro : CHE-113.452.116<\/p>\n<p><strong>Clause de non-responsabilit\u00e9<\/strong><\/p>\n<p>Swissolar n&rsquo;assume aucune garantie quant \u00e0 l&rsquo;exactitude, la pr\u00e9cision, l&rsquo;actualit\u00e9, la fiabilit\u00e9 et l&rsquo;exhaustivit\u00e9 du contenu des informations. L&rsquo;auteur ne saurait \u00eatre tenu pour responsable des dommages mat\u00e9riels ou immat\u00e9riels qui pourraient \u00eatre caus\u00e9s par l&rsquo;acc\u00e8s aux informations diffus\u00e9es ou par leur utilisation ou non-utilisation, par le mauvais usage de la connexion ou par des probl\u00e8mes techniques. Toutes les offres sont sans engagement. L&rsquo;auteur se r\u00e9serve express\u00e9ment le droit de modifier, de compl\u00e9ter ou de supprimer des parties de pages ou l&rsquo;ensemble de l&rsquo;offre sans avis pr\u00e9alable, ou d&rsquo;en suspendre temporairement ou d\u00e9finitivement la publication.<\/p>\n<p><strong>Responsabilit\u00e9 pour les liens<\/strong><\/p>\n<p>Les renvois et liens vers des sites Internet de tiers ne rel\u00e8vent pas de notre responsabilit\u00e9. Nous d\u00e9clinons toute responsabilit\u00e9 pour de tels sites. L&rsquo;acc\u00e8s \u00e0 de tels sites et leur utilisation se font aux risques et p\u00e9rils de l&rsquo;utilisateur ou de l&rsquo;utilisatrice.<\/p>\n<p><strong>Droits d&rsquo;auteur<\/strong><\/p>\n<p>Les droits d&rsquo;auteur et tous les autres droits li\u00e9s aux contenus, images, photos ou autres fichiers pr\u00e9sents sur le site Internet appartiennent exclusivement \u00e0 l&rsquo;association Swissolar ou aux titulaires de droits sp\u00e9cialement cit\u00e9s. Pour la reproduction de tout \u00e9l\u00e9ment, l&rsquo;accord \u00e9crit des d\u00e9tenteurs des droits d&rsquo;auteur doit \u00eatre obtenu au pr\u00e9alable.<\/p>\n<p><strong>Texte, images et copyright<\/strong><\/p>\n<p>Swissolar \u2013 Schweizerischer Fachverband f\u00fcr Sonnenenergie<br \/>\nNeugasse 6<br \/>\nCH-8005 Z\u00fcrich<\/p>\n<p><strong>Conception, design et r\u00e9alisation technique du site web<\/strong><\/p>\n<p>Therefore GmbH<br \/>\nTramstrasse 4<br \/>\n8050 Z\u00fcrich<\/p>\n<p>Tel. +41 44 298 88 00<br \/>\n<a href=\"mailto:info@therefore.ch\">info@therefore.ch<\/a><br \/>\n<a href=\"https:\/\/www.therefore.ch\" target=\"_blank\" rel=\"noopener\">www.therefore.ch<\/a><\/p>\n\t\t\t\t\t\t\t\t<\/div>\n\t\t\t\t<\/div>\n\t\t\t\t\t<\/div>\n\t\t<\/div>\n\t\t\t\t\t<\/div>\n\t\t<\/section>\n\t\t\t\t<\/div>\n\t\t","protected":false},"excerpt":{"rendered":"<p>Impressum Adresse de contact Swissolar Neugasse 6 CH-8005 Z\u00fcrich Tel. +41 44 250 88 33 info@swissolar.ch www.swissolar.ch Inscription au registre du commerce Raison sociale enregistr\u00e9e : Swissolar \u2013 Schweizerischer Fachverband f\u00fcr Sonnenenergie Num\u00e9ro : CHE-113.452.116 Clause de non-responsabilit\u00e9 Swissolar n&rsquo;assume aucune garantie quant \u00e0 l&rsquo;exactitude, la pr\u00e9cision, l&rsquo;actualit\u00e9, la fiabilit\u00e9 et l&rsquo;exhaustivit\u00e9 du contenu des [&hellip;]<\/p>\n","protected":false},"author":2,"featured_media":0,"parent":0,"menu_order":900,"comment_status":"closed","ping_status":"closed","template":"","meta":{"_acf_changed":false,"footnotes":""},"class_list":["post-5395","page","type-page","status-publish","hentry"],"acf":[],"yoast_head":"<!-- This site is optimized with the Yoast SEO plugin v27.0 - https:\/\/yoast.com\/product\/yoast-seo-wordpress\/ -->\n<title>Impressum - Solarlehre - Lerne Solarinstallateur:in<\/title>\n<meta name=\"robots\" content=\"index, follow, max-snippet:-1, max-image-preview:large, max-video-preview:-1\" \/>\n<link rel=\"canonical\" href=\"https:\/\/solarlehre.ch\/fr\/impressum\/\" \/>\n<meta property=\"og:locale\" content=\"fr_FR\" \/>\n<meta property=\"og:type\" content=\"article\" \/>\n<meta property=\"og:title\" content=\"Impressum - Solarlehre - Lerne Solarinstallateur:in\" \/>\n<meta property=\"og:description\" content=\"Impressum Adresse de contact Swissolar Neugasse 6 CH-8005 Z\u00fcrich Tel. +41 44 250 88 33 info@swissolar.ch www.swissolar.ch Inscription au registre du commerce Raison sociale enregistr\u00e9e : Swissolar \u2013 Schweizerischer Fachverband f\u00fcr Sonnenenergie Num\u00e9ro : CHE-113.452.116 Clause de non-responsabilit\u00e9 Swissolar n&rsquo;assume aucune garantie quant \u00e0 l&rsquo;exactitude, la pr\u00e9cision, l&rsquo;actualit\u00e9, la fiabilit\u00e9 et l&rsquo;exhaustivit\u00e9 du contenu des [&hellip;]\" \/>\n<meta property=\"og:url\" content=\"https:\/\/solarlehre.ch\/fr\/impressum\/\" \/>\n<meta property=\"og:site_name\" content=\"Solarlehre - Lerne Solarinstallateur:in\" \/>\n<meta property=\"article:modified_time\" content=\"2023-07-10T07:04:26+00:00\" \/>\n<meta name=\"twitter:card\" content=\"summary_large_image\" \/>\n<meta name=\"twitter:label1\" content=\"Dur\u00e9e de lecture estim\u00e9e\" \/>\n\t<meta name=\"twitter:data1\" content=\"1 minute\" \/>\n<script type=\"application\/ld+json\" class=\"yoast-schema-graph\">{\"@context\":\"https:\/\/schema.org\",\"@graph\":[{\"@type\":\"WebPage\",\"@id\":\"https:\/\/solarlehre.ch\/fr\/impressum\/\",\"url\":\"https:\/\/solarlehre.ch\/fr\/impressum\/\",\"name\":\"Impressum - Solarlehre - Lerne Solarinstallateur:in\",\"isPartOf\":{\"@id\":\"https:\/\/solarlehre.ch\/fr\/#website\"},\"datePublished\":\"2023-05-20T11:50:44+00:00\",\"dateModified\":\"2023-07-10T07:04:26+00:00\",\"breadcrumb\":{\"@id\":\"https:\/\/solarlehre.ch\/fr\/impressum\/#breadcrumb\"},\"inLanguage\":\"fr-FR\",\"potentialAction\":[{\"@type\":\"ReadAction\",\"target\":[\"https:\/\/solarlehre.ch\/fr\/impressum\/\"]}]},{\"@type\":\"BreadcrumbList\",\"@id\":\"https:\/\/solarlehre.ch\/fr\/impressum\/#breadcrumb\",\"itemListElement\":[{\"@type\":\"ListItem\",\"position\":1,\"name\":\"Home\",\"item\":\"https:\/\/solarlehre.ch\/fr\/\"},{\"@type\":\"ListItem\",\"position\":2,\"name\":\"Impressum\"}]},{\"@type\":\"WebSite\",\"@id\":\"https:\/\/solarlehre.ch\/fr\/#website\",\"url\":\"https:\/\/solarlehre.ch\/fr\/\",\"name\":\"Solarlehre - Lerne Solarinstallateur:in\",\"description\":\"\",\"publisher\":{\"@id\":\"https:\/\/solarlehre.ch\/fr\/#organization\"},\"potentialAction\":[{\"@type\":\"SearchAction\",\"target\":{\"@type\":\"EntryPoint\",\"urlTemplate\":\"https:\/\/solarlehre.ch\/fr\/?s={search_term_string}\"},\"query-input\":{\"@type\":\"PropertyValueSpecification\",\"valueRequired\":true,\"valueName\":\"search_term_string\"}}],\"inLanguage\":\"fr-FR\"},{\"@type\":\"Organization\",\"@id\":\"https:\/\/solarlehre.ch\/fr\/#organization\",\"name\":\"Solarlehre - Lerne Solarinstallateur:in\",\"url\":\"https:\/\/solarlehre.ch\/fr\/\",\"logo\":{\"@type\":\"ImageObject\",\"inLanguage\":\"fr-FR\",\"@id\":\"https:\/\/solarlehre.ch\/fr\/#\/schema\/logo\/image\/\",\"url\":\"https:\/\/solarlehre.ch\/wp-content\/uploads\/2021\/02\/logo_negativ.png\",\"contentUrl\":\"https:\/\/solarlehre.ch\/wp-content\/uploads\/2021\/02\/logo_negativ.png\",\"width\":350,\"height\":92,\"caption\":\"Solarlehre - Lerne Solarinstallateur:in\"},\"image\":{\"@id\":\"https:\/\/solarlehre.ch\/fr\/#\/schema\/logo\/image\/\"}}]}<\/script>\n<!-- \/ Yoast SEO plugin. -->","yoast_head_json":{"title":"Impressum - Solarlehre - Lerne Solarinstallateur:in","robots":{"index":"index","follow":"follow","max-snippet":"max-snippet:-1","max-image-preview":"max-image-preview:large","max-video-preview":"max-video-preview:-1"},"canonical":"https:\/\/solarlehre.ch\/fr\/impressum\/","og_locale":"fr_FR","og_type":"article","og_title":"Impressum - Solarlehre - Lerne Solarinstallateur:in","og_description":"Impressum Adresse de contact Swissolar Neugasse 6 CH-8005 Z\u00fcrich Tel. +41 44 250 88 33 info@swissolar.ch www.swissolar.ch Inscription au registre du commerce Raison sociale enregistr\u00e9e : Swissolar \u2013 Schweizerischer Fachverband f\u00fcr Sonnenenergie Num\u00e9ro : CHE-113.452.116 Clause de non-responsabilit\u00e9 Swissolar n&rsquo;assume aucune garantie quant \u00e0 l&rsquo;exactitude, la pr\u00e9cision, l&rsquo;actualit\u00e9, la fiabilit\u00e9 et l&rsquo;exhaustivit\u00e9 du contenu des [&hellip;]","og_url":"https:\/\/solarlehre.ch\/fr\/impressum\/","og_site_name":"Solarlehre - Lerne Solarinstallateur:in","article_modified_time":"2023-07-10T07:04:26+00:00","twitter_card":"summary_large_image","twitter_misc":{"Dur\u00e9e de lecture estim\u00e9e":"1 minute"},"schema":{"@context":"https:\/\/schema.org","@graph":[{"@type":"WebPage","@id":"https:\/\/solarlehre.ch\/fr\/impressum\/","url":"https:\/\/solarlehre.ch\/fr\/impressum\/","name":"Impressum - Solarlehre - Lerne Solarinstallateur:in","isPartOf":{"@id":"https:\/\/solarlehre.ch\/fr\/#website"},"datePublished":"2023-05-20T11:50:44+00:00","dateModified":"2023-07-10T07:04:26+00:00","breadcrumb":{"@id":"https:\/\/solarlehre.ch\/fr\/impressum\/#breadcrumb"},"inLanguage":"fr-FR","potentialAction":[{"@type":"ReadAction","target":["https:\/\/solarlehre.ch\/fr\/impressum\/"]}]},{"@type":"BreadcrumbList","@id":"https:\/\/solarlehre.ch\/fr\/impressum\/#breadcrumb","itemListElement":[{"@type":"ListItem","position":1,"name":"Home","item":"https:\/\/solarlehre.ch\/fr\/"},{"@type":"ListItem","position":2,"name":"Impressum"}]},{"@type":"WebSite","@id":"https:\/\/solarlehre.ch\/fr\/#website","url":"https:\/\/solarlehre.ch\/fr\/","name":"Solarlehre - Lerne Solarinstallateur:in","description":"","publisher":{"@id":"https:\/\/solarlehre.ch\/fr\/#organization"},"potentialAction":[{"@type":"SearchAction","target":{"@type":"EntryPoint","urlTemplate":"https:\/\/solarlehre.ch\/fr\/?s={search_term_string}"},"query-input":{"@type":"PropertyValueSpecification","valueRequired":true,"valueName":"search_term_string"}}],"inLanguage":"fr-FR"},{"@type":"Organization","@id":"https:\/\/solarlehre.ch\/fr\/#organization","name":"Solarlehre - Lerne Solarinstallateur:in","url":"https:\/\/solarlehre.ch\/fr\/","logo":{"@type":"ImageObject","inLanguage":"fr-FR","@id":"https:\/\/solarlehre.ch\/fr\/#\/schema\/logo\/image\/","url":"https:\/\/solarlehre.ch\/wp-content\/uploads\/2021\/02\/logo_negativ.png","contentUrl":"https:\/\/solarlehre.ch\/wp-content\/uploads\/2021\/02\/logo_negativ.png","width":350,"height":92,"caption":"Solarlehre - Lerne Solarinstallateur:in"},"image":{"@id":"https:\/\/solarlehre.ch\/fr\/#\/schema\/logo\/image\/"}}]}},"_links":{"self":[{"href":"https:\/\/solarlehre.ch\/fr\/wp-json\/wp\/v2\/pages\/5395","targetHints":{"allow":["GET"]}}],"collection":[{"href":"https:\/\/solarlehre.ch\/fr\/wp-json\/wp\/v2\/pages"}],"about":[{"href":"https:\/\/solarlehre.ch\/fr\/wp-json\/wp\/v2\/types\/page"}],"author":[{"embeddable":true,"href":"https:\/\/solarlehre.ch\/fr\/wp-json\/wp\/v2\/users\/2"}],"replies":[{"embeddable":true,"href":"https:\/\/solarlehre.ch\/fr\/wp-json\/wp\/v2\/comments?post=5395"}],"version-history":[{"count":1,"href":"https:\/\/solarlehre.ch\/fr\/wp-json\/wp\/v2\/pages\/5395\/revisions"}],"predecessor-version":[{"id":5396,"href":"https:\/\/solarlehre.ch\/fr\/wp-json\/wp\/v2\/pages\/5395\/revisions\/5396"}],"wp:attachment":[{"href":"https:\/\/solarlehre.ch\/fr\/wp-json\/wp\/v2\/media?parent=5395"}],"curies":[{"name":"wp","href":"https:\/\/api.w.org\/{rel}","templated":true}]}}